{"id":365,"date":"2020-07-08T17:37:05","date_gmt":"2020-07-08T15:37:05","guid":{"rendered":"http:\/\/munkmovies.de\/m\/?page_id=365"},"modified":"2025-11-14T14:43:14","modified_gmt":"2025-11-14T13:43:14","slug":"installation-light-dark","status":"publish","type":"page","link":"https:\/\/munkmovies.de\/m\/installation-light-dark\/","title":{"rendered":"Installation | Light&#038;Dark"},"content":{"rendered":"\n<div id=\"topnav\">\n\t<ul>\n\t        <li><a href=\"https:\/\/munkmovies.de\/m\/zeichnung-animation\/\" class=\"draw\">Drawing &amp; Animation<\/a><\/li>\n\t\t<li><a href=\"https:\/\/munkmovies.de\/m\/installation-light-dark\/\" id=\"current\">Light &amp; Dark<\/a><\/li>\n\t\t<li><a href=\"https:\/\/munkmovies.de\/m\/walk-dont-walk\/\">Walk | Don&#8217;t Walk<\/a><\/li>\n\t<\/ul>\n<\/div>\n\n\n\n<article>\t\n<input type=\"checkbox\" id=\"checker1\">\n<p><label for=\"checker1\">About Situations of Radical Change | Installations in Light and Darkness<\/label><\/p>\n<div id=\"inh1\">In the New York period from 1992 \u2013 1999  phosphorescent paint was used to allow situations of radical change in the room installations. You see one aspect in the light, and all of a sudden you see something else in the dark. <br>The room installation <em>Science Times<\/em> 1992 in the MoMA PS1 New York inquired about black matter in the universe, the exhibition <em>Fragen<\/em> | <em>Questions<\/em> presented empty signs in the light, only in the dark the questions became visible. In the series <em>B as C (Beckett as Cage)<\/em>, the position of Samuel Beckett\u2018s words from the Unnamable were diced on the picture plane, and doubled in the dark: \n<br><span style=\"border: 1px solid white\"> &nbsp;Where Now? Who now? When now? Unquestioning. I, say I. Unbelieving. &nbsp;<\/span> <\/div>\n<\/article>\n\n\n\n<article>\t\n<input type=\"checkbox\" id=\"checker2\">\n<p><label for=\"checker2\">\u00dcber Situationen pl\u00f6tzlicher Umbr\u00fcche | Installationen in Licht und Dunkel<\/label><\/p>\n<div id=\"inh2\">In der New Yorker Zeit von 1992 bis 1999  wurde nachleuchtende Farbe als Medium eingesetzt, was in der Rauminstallation  eine Umbruchsituation erm\u00f6glicht. Man sieht etwas im Hellen, und wenn das Licht ausgeht sieht man etwas ganz anderes. <br>Die Rauminstallation <em>Science Times<\/em> 1992 im MoMA PS1 in New York fragte nach der Dunklen Materie im Universum anhand Zitaten aus Science Times der NY Times, die Ausstellung <em>Fragen<\/em> in den Kunst-Werken Berlin 1995 zeigte im Hellen nur leere Schilder, erst im Dunklen tauchten die Fragen auf. <br>In der Serie <em>B as C (Beckett as Cage)<\/em> wurden Becketts Worte aus The Unnamable auf dem Bildfeld ausgew\u00fcrfelt und im Dunkeln verdoppelt:\n<span style=\"border: 1px solid white\"> &nbsp;Where Now? Who now? When now? Unquestioning. I, say I. Unbelieving. &nbsp;<\/span><\/div>\n<\/article>\n\n\n\n<figure class=\"wp-block-image alignwide size-large\"><img loading=\"lazy\" decoding=\"async\" width=\"1024\" height=\"689\" src=\"https:\/\/munkmovies.de\/m\/wp-content\/uploads\/2020\/06\/1994_fragen_KW-1024x689.jpg\" alt=\"FRAGEN exhibition KW Institute for Contemporary Art Berlin 1994\" class=\"wp-image-203\" srcset=\"https:\/\/munkmovies.de\/m\/wp-content\/uploads\/2020\/06\/1994_fragen_KW-1024x689.jpg 1024w, https:\/\/munkmovies.de\/m\/wp-content\/uploads\/2020\/06\/1994_fragen_KW-300x202.jpg 300w, https:\/\/munkmovies.de\/m\/wp-content\/uploads\/2020\/06\/1994_fragen_KW-768x517.jpg 768w, https:\/\/munkmovies.de\/m\/wp-content\/uploads\/2020\/06\/1994_fragen_KW.jpg 1140w\" sizes=\"auto, (max-width: 1024px) 100vw, 1024px\" \/><figcaption class=\"wp-element-caption\">FRAGEN installation KW Institute for Contemporary Art Berlin 1994<\/figcaption><\/figure>\n\n\n\n<figure class=\"wp-block-image alignwide size-large\"><img loading=\"lazy\" decoding=\"async\" width=\"1024\" height=\"689\" src=\"https:\/\/munkmovies.de\/m\/wp-content\/uploads\/2020\/06\/1994_fragen_KW_dunkel-1024x689.jpg\" alt=\"FRAGEN exhibition KW Institute for Contemporary Art 1994\" class=\"wp-image-202\" srcset=\"https:\/\/munkmovies.de\/m\/wp-content\/uploads\/2020\/06\/1994_fragen_KW_dunkel-1024x689.jpg 1024w, https:\/\/munkmovies.de\/m\/wp-content\/uploads\/2020\/06\/1994_fragen_KW_dunkel-300x202.jpg 300w, https:\/\/munkmovies.de\/m\/wp-content\/uploads\/2020\/06\/1994_fragen_KW_dunkel-768x517.jpg 768w, https:\/\/munkmovies.de\/m\/wp-content\/uploads\/2020\/06\/1994_fragen_KW_dunkel.jpg 1140w\" sizes=\"auto, (max-width: 1024px) 100vw, 1024px\" \/><figcaption class=\"wp-element-caption\">FRAGEN installation KW Institute for Contemporary Art Berlin 1994 &#8211; dark &#8211;<\/figcaption><\/figure>\n\n\n\n<p><em>Fragen<\/em> exhibition KW Institute for Contemporary Art Berlin 1994<\/p>\n\n\n\n<div style=\"height:100px\" aria-hidden=\"true\" class=\"wp-block-spacer\"><\/div>\n\n\n\n<div class=\"wp-block-columns alignwide is-layout-flex wp-container-core-columns-is-layout-9d6595d7 wp-block-columns-is-layout-flex\">\n<div class=\"wp-block-column is-layout-flow wp-block-column-is-layout-flow\">\n<figure class=\"wp-block-image size-large\"><a href=\"http:\/\/munkmovies.de\/m\/wp-content\/uploads\/2020\/07\/american_disaster_.jpg\" target=\"_blank\" rel=\"noopener noreferrer\"><img loading=\"lazy\" decoding=\"async\" width=\"1024\" height=\"691\" src=\"http:\/\/munkmovies.de\/m\/wp-content\/uploads\/2020\/07\/american_disaster_-1024x691.jpg\" alt=\"\" class=\"wp-image-352\" srcset=\"https:\/\/munkmovies.de\/m\/wp-content\/uploads\/2020\/07\/american_disaster_-1024x691.jpg 1024w, https:\/\/munkmovies.de\/m\/wp-content\/uploads\/2020\/07\/american_disaster_-300x203.jpg 300w, https:\/\/munkmovies.de\/m\/wp-content\/uploads\/2020\/07\/american_disaster_-768x519.jpg 768w, https:\/\/munkmovies.de\/m\/wp-content\/uploads\/2020\/07\/american_disaster_-1536x1037.jpg 1536w, https:\/\/munkmovies.de\/m\/wp-content\/uploads\/2020\/07\/american_disaster_-2048x1383.jpg 2048w, https:\/\/munkmovies.de\/m\/wp-content\/uploads\/2020\/07\/american_disaster_-1200x810.jpg 1200w, https:\/\/munkmovies.de\/m\/wp-content\/uploads\/2020\/07\/american_disaster_-1980x1337.jpg 1980w\" sizes=\"auto, (max-width: 1024px) 100vw, 1024px\" \/><\/a><figcaption class=\"wp-element-caption\">American Disaster in the Light<\/figcaption><\/figure>\n<\/div>\n\n\n\n<div class=\"wp-block-column is-layout-flow wp-block-column-is-layout-flow\">\n<figure class=\"wp-block-image size-large\"><a href=\"http:\/\/munkmovies.de\/m\/wp-content\/uploads\/2020\/07\/american_disaster_dark.jpg\" target=\"_blank\" rel=\"noopener noreferrer\"><img loading=\"lazy\" decoding=\"async\" width=\"1024\" height=\"691\" src=\"http:\/\/munkmovies.de\/m\/wp-content\/uploads\/2020\/07\/american_disaster_dark-1024x691.jpg\" alt=\"\" class=\"wp-image-353\" srcset=\"https:\/\/munkmovies.de\/m\/wp-content\/uploads\/2020\/07\/american_disaster_dark-1024x691.jpg 1024w, https:\/\/munkmovies.de\/m\/wp-content\/uploads\/2020\/07\/american_disaster_dark-300x203.jpg 300w, https:\/\/munkmovies.de\/m\/wp-content\/uploads\/2020\/07\/american_disaster_dark-768x519.jpg 768w, https:\/\/munkmovies.de\/m\/wp-content\/uploads\/2020\/07\/american_disaster_dark-1536x1037.jpg 1536w, https:\/\/munkmovies.de\/m\/wp-content\/uploads\/2020\/07\/american_disaster_dark-2048x1383.jpg 2048w, https:\/\/munkmovies.de\/m\/wp-content\/uploads\/2020\/07\/american_disaster_dark-1200x810.jpg 1200w, https:\/\/munkmovies.de\/m\/wp-content\/uploads\/2020\/07\/american_disaster_dark-1980x1337.jpg 1980w\" sizes=\"auto, (max-width: 1024px) 100vw, 1024px\" \/><\/a><figcaption class=\"wp-element-caption\">American Disaster in the Dark<\/figcaption><\/figure>\n<\/div>\n<\/div>\n\n\n\n<p><\/p>\n\n\n\n<div class=\"wp-block-columns alignwide is-layout-flex wp-container-core-columns-is-layout-9d6595d7 wp-block-columns-is-layout-flex\">\n<div class=\"wp-block-column is-layout-flow wp-block-column-is-layout-flow\">\n<figure class=\"wp-block-image size-large\"><a href=\"http:\/\/munkmovies.de\/m\/wp-content\/uploads\/2020\/07\/deutsches_desaster_.jpg\" target=\"_blank\" rel=\"noopener noreferrer\"><img loading=\"lazy\" decoding=\"async\" width=\"1024\" height=\"383\" src=\"http:\/\/munkmovies.de\/m\/wp-content\/uploads\/2020\/07\/deutsches_desaster_-1024x383.jpg\" alt=\"\" class=\"wp-image-356\" srcset=\"https:\/\/munkmovies.de\/m\/wp-content\/uploads\/2020\/07\/deutsches_desaster_-1024x383.jpg 1024w, https:\/\/munkmovies.de\/m\/wp-content\/uploads\/2020\/07\/deutsches_desaster_-300x112.jpg 300w, https:\/\/munkmovies.de\/m\/wp-content\/uploads\/2020\/07\/deutsches_desaster_-768x288.jpg 768w, https:\/\/munkmovies.de\/m\/wp-content\/uploads\/2020\/07\/deutsches_desaster_-1536x575.jpg 1536w, https:\/\/munkmovies.de\/m\/wp-content\/uploads\/2020\/07\/deutsches_desaster_-2048x767.jpg 2048w, https:\/\/munkmovies.de\/m\/wp-content\/uploads\/2020\/07\/deutsches_desaster_-1200x449.jpg 1200w, https:\/\/munkmovies.de\/m\/wp-content\/uploads\/2020\/07\/deutsches_desaster_-1980x742.jpg 1980w\" sizes=\"auto, (max-width: 1024px) 100vw, 1024px\" \/><\/a><figcaption class=\"wp-element-caption\">Deutsches Desaster in the Light<\/figcaption><\/figure>\n<\/div>\n\n\n\n<div class=\"wp-block-column is-layout-flow wp-block-column-is-layout-flow\">\n<figure class=\"wp-block-image size-large\"><a href=\"http:\/\/munkmovies.de\/m\/wp-content\/uploads\/2020\/07\/deutsches_desaster_dark_.jpg\" target=\"_blank\" rel=\"noopener noreferrer\"><img loading=\"lazy\" decoding=\"async\" width=\"1024\" height=\"383\" src=\"http:\/\/munkmovies.de\/m\/wp-content\/uploads\/2020\/07\/deutsches_desaster_dark_-1024x383.jpg\" alt=\"\" class=\"wp-image-357\" srcset=\"https:\/\/munkmovies.de\/m\/wp-content\/uploads\/2020\/07\/deutsches_desaster_dark_-1024x383.jpg 1024w, https:\/\/munkmovies.de\/m\/wp-content\/uploads\/2020\/07\/deutsches_desaster_dark_-300x112.jpg 300w, https:\/\/munkmovies.de\/m\/wp-content\/uploads\/2020\/07\/deutsches_desaster_dark_-768x288.jpg 768w, https:\/\/munkmovies.de\/m\/wp-content\/uploads\/2020\/07\/deutsches_desaster_dark_-1536x575.jpg 1536w, https:\/\/munkmovies.de\/m\/wp-content\/uploads\/2020\/07\/deutsches_desaster_dark_-2048x767.jpg 2048w, https:\/\/munkmovies.de\/m\/wp-content\/uploads\/2020\/07\/deutsches_desaster_dark_-1200x449.jpg 1200w, https:\/\/munkmovies.de\/m\/wp-content\/uploads\/2020\/07\/deutsches_desaster_dark_-1980x742.jpg 1980w\" sizes=\"auto, (max-width: 1024px) 100vw, 1024px\" \/><\/a><figcaption class=\"wp-element-caption\">Deutsches Desaster in the Dark<\/figcaption><\/figure>\n<\/div>\n<\/div>\n\n\n\n<p><\/p>\n\n\n\n<div class=\"wp-block-columns alignwide is-layout-flex wp-container-core-columns-is-layout-9d6595d7 wp-block-columns-is-layout-flex\">\n<div class=\"wp-block-column is-layout-flow wp-block-column-is-layout-flow\">\n<figure class=\"wp-block-image size-large\"><a href=\"http:\/\/munkmovies.de\/m\/wp-content\/uploads\/2020\/07\/sagbar_sichtbar-scaled.jpg\" target=\"_blank\" rel=\"noopener noreferrer\"><img loading=\"lazy\" decoding=\"async\" width=\"1024\" height=\"555\" src=\"http:\/\/munkmovies.de\/m\/wp-content\/uploads\/2020\/07\/sagbar_sichtbar-1024x555.jpg\" alt=\"\" class=\"wp-image-359\" srcset=\"https:\/\/munkmovies.de\/m\/wp-content\/uploads\/2020\/07\/sagbar_sichtbar-1024x555.jpg 1024w, https:\/\/munkmovies.de\/m\/wp-content\/uploads\/2020\/07\/sagbar_sichtbar-300x163.jpg 300w, https:\/\/munkmovies.de\/m\/wp-content\/uploads\/2020\/07\/sagbar_sichtbar-768x416.jpg 768w, https:\/\/munkmovies.de\/m\/wp-content\/uploads\/2020\/07\/sagbar_sichtbar-1536x832.jpg 1536w, https:\/\/munkmovies.de\/m\/wp-content\/uploads\/2020\/07\/sagbar_sichtbar-2048x1110.jpg 2048w, https:\/\/munkmovies.de\/m\/wp-content\/uploads\/2020\/07\/sagbar_sichtbar-1200x650.jpg 1200w, https:\/\/munkmovies.de\/m\/wp-content\/uploads\/2020\/07\/sagbar_sichtbar-1980x1073.jpg 1980w\" sizes=\"auto, (max-width: 1024px) 100vw, 1024px\" \/><\/a><figcaption class=\"wp-element-caption\">sagbar &#8211; sichtbar in the Light<\/figcaption><\/figure>\n\n\n\n<p><\/p>\n<\/div>\n\n\n\n<div class=\"wp-block-column is-layout-flow wp-block-column-is-layout-flow\">\n<figure class=\"wp-block-image size-large\"><a href=\"http:\/\/munkmovies.de\/m\/wp-content\/uploads\/2020\/07\/sagbar_sichtbar_dark-scaled.jpg\" target=\"_blank\" rel=\"noopener noreferrer\"><img loading=\"lazy\" decoding=\"async\" width=\"1024\" height=\"555\" src=\"http:\/\/munkmovies.de\/m\/wp-content\/uploads\/2020\/07\/sagbar_sichtbar_dark-1024x555.jpg\" alt=\"\" class=\"wp-image-358\" srcset=\"https:\/\/munkmovies.de\/m\/wp-content\/uploads\/2020\/07\/sagbar_sichtbar_dark-1024x555.jpg 1024w, https:\/\/munkmovies.de\/m\/wp-content\/uploads\/2020\/07\/sagbar_sichtbar_dark-300x163.jpg 300w, https:\/\/munkmovies.de\/m\/wp-content\/uploads\/2020\/07\/sagbar_sichtbar_dark-768x416.jpg 768w, https:\/\/munkmovies.de\/m\/wp-content\/uploads\/2020\/07\/sagbar_sichtbar_dark-1536x832.jpg 1536w, https:\/\/munkmovies.de\/m\/wp-content\/uploads\/2020\/07\/sagbar_sichtbar_dark-2048x1110.jpg 2048w, https:\/\/munkmovies.de\/m\/wp-content\/uploads\/2020\/07\/sagbar_sichtbar_dark-1200x650.jpg 1200w, https:\/\/munkmovies.de\/m\/wp-content\/uploads\/2020\/07\/sagbar_sichtbar_dark-1980x1073.jpg 1980w\" sizes=\"auto, (max-width: 1024px) 100vw, 1024px\" \/><\/a><figcaption class=\"wp-element-caption\">sagbar &#8211; sichtbar in the Dark<\/figcaption><\/figure>\n<\/div>\n<\/div>\n\n\n\n<p><\/p>\n\n\n\n<div class=\"wp-block-columns alignwide is-layout-flex wp-container-core-columns-is-layout-9d6595d7 wp-block-columns-is-layout-flex\">\n<div class=\"wp-block-column is-layout-flow wp-block-column-is-layout-flow\">\n<figure class=\"wp-block-image alignfull size-large\"><a href=\"https:\/\/munkmovies.de\/m\/wp-content\/uploads\/2020\/07\/desire_destroy_.jpg\" target=\"_blank\" rel=\"noopener noreferrer\"><img loading=\"lazy\" decoding=\"async\" width=\"760\" height=\"1024\" src=\"https:\/\/munkmovies.de\/m\/wp-content\/uploads\/2020\/07\/desire_destroy_-760x1024.jpg\" alt=\"Desire Destroy\" class=\"wp-image-354\" srcset=\"https:\/\/munkmovies.de\/m\/wp-content\/uploads\/2020\/07\/desire_destroy_-760x1024.jpg 760w, https:\/\/munkmovies.de\/m\/wp-content\/uploads\/2020\/07\/desire_destroy_-223x300.jpg 223w, https:\/\/munkmovies.de\/m\/wp-content\/uploads\/2020\/07\/desire_destroy_-768x1035.jpg 768w, https:\/\/munkmovies.de\/m\/wp-content\/uploads\/2020\/07\/desire_destroy_-1139x1536.jpg 1139w, https:\/\/munkmovies.de\/m\/wp-content\/uploads\/2020\/07\/desire_destroy_-1519x2048.jpg 1519w, https:\/\/munkmovies.de\/m\/wp-content\/uploads\/2020\/07\/desire_destroy_-1200x1618.jpg 1200w, https:\/\/munkmovies.de\/m\/wp-content\/uploads\/2020\/07\/desire_destroy_.jpg 1618w\" sizes=\"auto, (max-width: 760px) 100vw, 760px\" \/><\/a><figcaption class=\"wp-element-caption\">Desire Destroy in the Light<\/figcaption><\/figure>\n<\/div>\n\n\n\n<div class=\"wp-block-column is-layout-flow wp-block-column-is-layout-flow\">\n<figure class=\"wp-block-image alignfull size-large\"><a href=\"https:\/\/munkmovies.de\/m\/wp-content\/uploads\/2020\/07\/desire_destroy_dark_.jpg\" target=\"_blank\" rel=\"noopener noreferrer\"><img loading=\"lazy\" decoding=\"async\" width=\"754\" height=\"1024\" src=\"https:\/\/munkmovies.de\/m\/wp-content\/uploads\/2020\/07\/desire_destroy_dark_-754x1024.jpg\" alt=\"Desire Destroy\" class=\"wp-image-355\" srcset=\"https:\/\/munkmovies.de\/m\/wp-content\/uploads\/2020\/07\/desire_destroy_dark_-754x1024.jpg 754w, https:\/\/munkmovies.de\/m\/wp-content\/uploads\/2020\/07\/desire_destroy_dark_-221x300.jpg 221w, https:\/\/munkmovies.de\/m\/wp-content\/uploads\/2020\/07\/desire_destroy_dark_-768x1043.jpg 768w, https:\/\/munkmovies.de\/m\/wp-content\/uploads\/2020\/07\/desire_destroy_dark_-1131x1536.jpg 1131w, https:\/\/munkmovies.de\/m\/wp-content\/uploads\/2020\/07\/desire_destroy_dark_-1508x2048.jpg 1508w, https:\/\/munkmovies.de\/m\/wp-content\/uploads\/2020\/07\/desire_destroy_dark_-1200x1630.jpg 1200w, https:\/\/munkmovies.de\/m\/wp-content\/uploads\/2020\/07\/desire_destroy_dark_.jpg 1613w\" sizes=\"auto, (max-width: 754px) 100vw, 754px\" \/><\/a><figcaption class=\"wp-element-caption\">Desire Destroy in the Dark<\/figcaption><\/figure>\n<\/div>\n<\/div>\n\n\n\n<p>Studio Work, Brooklyn NY  1993 &#8211; 1994<\/p>\n\n\n\n<div style=\"height:100px\" aria-hidden=\"true\" class=\"wp-block-spacer\"><\/div>\n\n\n\n<figure class=\"wp-block-image alignwide size-large\"><a href=\"https:\/\/munkmovies.de\/m\/wp-content\/uploads\/2020\/07\/1993_darkmatter_ps1_hell.jpg\" target=\"_blank\" rel=\"noopener noreferrer\"><img loading=\"lazy\" decoding=\"async\" width=\"1024\" height=\"671\" src=\"https:\/\/munkmovies.de\/m\/wp-content\/uploads\/2020\/07\/1993_darkmatter_ps1_hell-1024x671.jpg\" alt=\"Science Times MoMA PS1 1993\" class=\"wp-image-347\" srcset=\"https:\/\/munkmovies.de\/m\/wp-content\/uploads\/2020\/07\/1993_darkmatter_ps1_hell-1024x671.jpg 1024w, https:\/\/munkmovies.de\/m\/wp-content\/uploads\/2020\/07\/1993_darkmatter_ps1_hell-300x197.jpg 300w, https:\/\/munkmovies.de\/m\/wp-content\/uploads\/2020\/07\/1993_darkmatter_ps1_hell-768x503.jpg 768w, https:\/\/munkmovies.de\/m\/wp-content\/uploads\/2020\/07\/1993_darkmatter_ps1_hell-1536x1007.jpg 1536w, https:\/\/munkmovies.de\/m\/wp-content\/uploads\/2020\/07\/1993_darkmatter_ps1_hell-1200x787.jpg 1200w, https:\/\/munkmovies.de\/m\/wp-content\/uploads\/2020\/07\/1993_darkmatter_ps1_hell-1980x1298.jpg 1980w, https:\/\/munkmovies.de\/m\/wp-content\/uploads\/2020\/07\/1993_darkmatter_ps1_hell.jpg 2000w\" sizes=\"auto, (max-width: 1024px) 100vw, 1024px\" \/><\/a><figcaption class=\"wp-element-caption\">Science Times MoMA PS1 1992<\/figcaption><\/figure>\n\n\n\n<figure class=\"wp-block-image alignwide size-large\"><a href=\"https:\/\/munkmovies.de\/m\/wp-content\/uploads\/2020\/06\/1993_darkmatter_PS1.jpg\" target=\"_blank\" rel=\"noopener noreferrer\"><img loading=\"lazy\" decoding=\"async\" width=\"1024\" height=\"673\" src=\"https:\/\/munkmovies.de\/m\/wp-content\/uploads\/2020\/06\/1993_darkmatter_PS1-1024x673.jpg\" alt=\"Science Times MoMA PS1 1993\" class=\"wp-image-201\" srcset=\"https:\/\/munkmovies.de\/m\/wp-content\/uploads\/2020\/06\/1993_darkmatter_PS1-1024x673.jpg 1024w, https:\/\/munkmovies.de\/m\/wp-content\/uploads\/2020\/06\/1993_darkmatter_PS1-300x197.jpg 300w, https:\/\/munkmovies.de\/m\/wp-content\/uploads\/2020\/06\/1993_darkmatter_PS1-768x505.jpg 768w, https:\/\/munkmovies.de\/m\/wp-content\/uploads\/2020\/06\/1993_darkmatter_PS1.jpg 1181w\" sizes=\"auto, (max-width: 1024px) 100vw, 1024px\" \/><\/a><figcaption class=\"wp-element-caption\">Where Could the Dark Matter Be?<\/figcaption><\/figure>\n\n\n\n<figure class=\"wp-block-image alignwide size-large\"><a href=\"https:\/\/munkmovies.de\/m\/wp-content\/uploads\/2020\/06\/1993_darkmatter_detail.jpg\" target=\"_blank\" rel=\"noopener noreferrer\"><img loading=\"lazy\" decoding=\"async\" width=\"1024\" height=\"668\" src=\"https:\/\/munkmovies.de\/m\/wp-content\/uploads\/2020\/06\/1993_darkmatter_detail-1024x668.jpg\" alt=\"Science Times MoMA PS1 1993\" class=\"wp-image-199\" srcset=\"https:\/\/munkmovies.de\/m\/wp-content\/uploads\/2020\/06\/1993_darkmatter_detail-1024x668.jpg 1024w, https:\/\/munkmovies.de\/m\/wp-content\/uploads\/2020\/06\/1993_darkmatter_detail-300x196.jpg 300w, https:\/\/munkmovies.de\/m\/wp-content\/uploads\/2020\/06\/1993_darkmatter_detail-768x501.jpg 768w, https:\/\/munkmovies.de\/m\/wp-content\/uploads\/2020\/06\/1993_darkmatter_detail.jpg 1160w\" sizes=\"auto, (max-width: 1024px) 100vw, 1024px\" \/><\/a><figcaption class=\"wp-element-caption\">How Empty is the Emptiness of Space?<\/figcaption><\/figure>\n\n\n\n<p><em>Science Times <\/em> Installation MoMA PS1 NY 1992<\/p>\n\n\n\n<div style=\"height:100px\" aria-hidden=\"true\" class=\"wp-block-spacer\"><\/div>\n\n\n\n<figure class=\"wp-block-image alignwide size-large\"><a href=\"https:\/\/munkmovies.de\/m\/wp-content\/uploads\/2020\/07\/1995_BasC_1_licht.jpg\" target=\"_blank\" rel=\"noopener noreferrer\"><img loading=\"lazy\" decoding=\"async\" width=\"689\" height=\"1024\" src=\"https:\/\/munkmovies.de\/m\/wp-content\/uploads\/2020\/07\/1995_BasC_1_licht-689x1024.jpg\" alt=\"Series BasC 1995\" class=\"wp-image-348\" srcset=\"https:\/\/munkmovies.de\/m\/wp-content\/uploads\/2020\/07\/1995_BasC_1_licht-689x1024.jpg 689w, https:\/\/munkmovies.de\/m\/wp-content\/uploads\/2020\/07\/1995_BasC_1_licht-202x300.jpg 202w, https:\/\/munkmovies.de\/m\/wp-content\/uploads\/2020\/07\/1995_BasC_1_licht.jpg 767w\" sizes=\"auto, (max-width: 689px) 100vw, 689px\" \/><\/a><figcaption class=\"wp-element-caption\">Series BasC 1995<\/figcaption><\/figure>\n\n\n\n<figure class=\"wp-block-image alignwide size-large\"><a href=\"https:\/\/munkmovies.de\/m\/wp-content\/uploads\/2020\/07\/1995_BasC_1.jpg\" target=\"_blank\" rel=\"noopener noreferrer\"><img loading=\"lazy\" decoding=\"async\" width=\"690\" height=\"1024\" src=\"https:\/\/munkmovies.de\/m\/wp-content\/uploads\/2020\/07\/1995_BasC_1-690x1024.jpg\" alt=\"Series BasC 1995\" class=\"wp-image-349\" srcset=\"https:\/\/munkmovies.de\/m\/wp-content\/uploads\/2020\/07\/1995_BasC_1-690x1024.jpg 690w, https:\/\/munkmovies.de\/m\/wp-content\/uploads\/2020\/07\/1995_BasC_1-202x300.jpg 202w, https:\/\/munkmovies.de\/m\/wp-content\/uploads\/2020\/07\/1995_BasC_1.jpg 768w\" sizes=\"auto, (max-width: 690px) 100vw, 690px\" \/><\/a><figcaption class=\"wp-element-caption\">Series BasC 1995<\/figcaption><\/figure>\n\n\n\n<div class=\"wp-block-columns alignwide is-layout-flex wp-container-core-columns-is-layout-9d6595d7 wp-block-columns-is-layout-flex\">\n<div class=\"wp-block-column is-vertically-aligned-top is-layout-flow wp-block-column-is-layout-flow\">\n<figure class=\"wp-block-image alignwide size-large\"><a href=\"https:\/\/munkmovies.de\/m\/wp-content\/uploads\/2020\/07\/1995_BasC_licht.jpg\" target=\"_blank\" rel=\"noopener noreferrer\"><img loading=\"lazy\" decoding=\"async\" width=\"1024\" height=\"689\" src=\"https:\/\/munkmovies.de\/m\/wp-content\/uploads\/2020\/07\/1995_BasC_licht-1024x689.jpg\" alt=\"Series BasC 1995\" class=\"wp-image-350\" srcset=\"https:\/\/munkmovies.de\/m\/wp-content\/uploads\/2020\/07\/1995_BasC_licht-1024x689.jpg 1024w, https:\/\/munkmovies.de\/m\/wp-content\/uploads\/2020\/07\/1995_BasC_licht-300x202.jpg 300w, https:\/\/munkmovies.de\/m\/wp-content\/uploads\/2020\/07\/1995_BasC_licht-768x517.jpg 768w, https:\/\/munkmovies.de\/m\/wp-content\/uploads\/2020\/07\/1995_BasC_licht.jpg 1140w\" sizes=\"auto, (max-width: 1024px) 100vw, 1024px\" \/><\/a><figcaption class=\"wp-element-caption\">Where now? Who now? When now? Unquestioning.<\/figcaption><\/figure>\n<\/div>\n\n\n\n<div class=\"wp-block-column is-vertically-aligned-top is-layout-flow wp-block-column-is-layout-flow\">\n<figure class=\"wp-block-image alignwide size-large\"><a href=\"https:\/\/munkmovies.de\/m\/wp-content\/uploads\/2020\/07\/1995_BasC.jpg\" target=\"_blank\" rel=\"noopener noreferrer\"><img loading=\"lazy\" decoding=\"async\" width=\"1024\" height=\"689\" src=\"https:\/\/munkmovies.de\/m\/wp-content\/uploads\/2020\/07\/1995_BasC-1024x689.jpg\" alt=\"Series BasC 1995\" class=\"wp-image-351\" srcset=\"https:\/\/munkmovies.de\/m\/wp-content\/uploads\/2020\/07\/1995_BasC-1024x689.jpg 1024w, https:\/\/munkmovies.de\/m\/wp-content\/uploads\/2020\/07\/1995_BasC-300x202.jpg 300w, https:\/\/munkmovies.de\/m\/wp-content\/uploads\/2020\/07\/1995_BasC-768x517.jpg 768w, https:\/\/munkmovies.de\/m\/wp-content\/uploads\/2020\/07\/1995_BasC.jpg 1140w\" sizes=\"auto, (max-width: 1024px) 100vw, 1024px\" \/><\/a><figcaption class=\"wp-element-caption\">I, say I. Unbelieving.<\/figcaption><\/figure>\n<\/div>\n<\/div>\n\n\n\n<p><em>Series B as C<\/em>  Studio Work Brooklyn NY 1995 <\/p>\n\n\n\n<p><\/p>\n","protected":false},"excerpt":{"rendered":"<p>Drawing &amp; Animation Light &amp; Dark Walk | Don&#8217;t Walk About Situations of Radical Change | Installations in Light and Darkness In the New York period from 1992 \u2013 1999 phosphorescent paint was used to allow situations of radical change in the room installations. You see one aspect in the light, and all of a [&hellip;]<\/p>\n","protected":false},"author":1,"featured_media":0,"parent":0,"menu_order":0,"comment_status":"closed","ping_status":"closed","template":"templates\/template-full-width.php","meta":{"footnotes":""},"folder":[],"class_list":["post-365","page","type-page","status-publish","hentry"],"_links":{"self":[{"href":"https:\/\/munkmovies.de\/m\/wp-json\/wp\/v2\/pages\/365","targetHints":{"allow":["GET"]}}],"collection":[{"href":"https:\/\/munkmovies.de\/m\/wp-json\/wp\/v2\/pages"}],"about":[{"href":"https:\/\/munkmovies.de\/m\/wp-json\/wp\/v2\/types\/page"}],"author":[{"embeddable":true,"href":"https:\/\/munkmovies.de\/m\/wp-json\/wp\/v2\/users\/1"}],"replies":[{"embeddable":true,"href":"https:\/\/munkmovies.de\/m\/wp-json\/wp\/v2\/comments?post=365"}],"version-history":[{"count":116,"href":"https:\/\/munkmovies.de\/m\/wp-json\/wp\/v2\/pages\/365\/revisions"}],"predecessor-version":[{"id":1687,"href":"https:\/\/munkmovies.de\/m\/wp-json\/wp\/v2\/pages\/365\/revisions\/1687"}],"wp:attachment":[{"href":"https:\/\/munkmovies.de\/m\/wp-json\/wp\/v2\/media?parent=365"}],"wp:term":[{"taxonomy":"folder","embeddable":true,"href":"https:\/\/munkmovies.de\/m\/wp-json\/wp\/v2\/folder?post=365"}],"curies":[{"name":"wp","href":"https:\/\/api.w.org\/{rel}","templated":true}]}}