{"id":1049,"date":"2020-07-30T13:17:15","date_gmt":"2020-07-30T11:17:15","guid":{"rendered":"https:\/\/munkmovies.de\/m\/?page_id=1049"},"modified":"2025-03-09T15:43:27","modified_gmt":"2025-03-09T14:43:27","slug":"biography","status":"publish","type":"page","link":"https:\/\/munkmovies.de\/m\/biography\/","title":{"rendered":"Biography"},"content":{"rendered":"\n<div class=\"wp-block-group\"><div class=\"wp-block-group__inner-container is-layout-flow wp-block-group-is-layout-flow\">\n<article>\t\n<input type=\"checkbox\" id=\"checker3\">\n\n<div id=\"inh3\">\n<figure class=\"alignleft size-medium\"><img loading=\"lazy\" decoding=\"async\" width=\"245\" height=\"300\" src=\"https:\/\/munkmovies.de\/m\/wp-content\/uploads\/2020\/07\/dasVersprechen-e1596110164545-245x300.jpg\" alt=\"das Versprechen | the promise\" class=\"wp-image-1042\" srcset=\"https:\/\/munkmovies.de\/m\/wp-content\/uploads\/2020\/07\/dasVersprechen-e1596110164545-245x300.jpg 245w, https:\/\/munkmovies.de\/m\/wp-content\/uploads\/2020\/07\/dasVersprechen-e1596110164545-835x1024.jpg 835w, https:\/\/munkmovies.de\/m\/wp-content\/uploads\/2020\/07\/dasVersprechen-e1596110164545-768x942.jpg 768w, https:\/\/munkmovies.de\/m\/wp-content\/uploads\/2020\/07\/dasVersprechen-e1596110164545.jpg 987w\" sizes=\"auto, (max-width: 245px) 100vw, 245px\" \/><figcaption>das Versprechen | the promise<\/figcaption><\/figure> when I was fifteen I learned how to paint with oil and tempera in the studio of an artist in Heidelberg. In a corner I had my easel and my paint, and I made one painting a month, completely neglecting school. <br>I wanted to become an artist. <br>Why Art?<br>At age sixteen I painted the answer to this question &#8211; the promise to escape a wasted land, and future, up to a place with a view to the sea, where I could breathe freely.<br>I wanted to be an artist, although the magician in the painting wears a Looney Tunes smirk on his face.\n<br><br>At age 19 the frames around my paintings vanished, and when I reflected on the exemplary model for a woman&#8217;s life, it was definitly not the mother role I was looking for. That was the moment I thought: Off to Berlin!\n<hr>\n<figure class=\"alignleft size-medium\"><a href=\"https:\/\/munkmovies.de\/m\/wp-content\/uploads\/2020\/07\/Mutmassungen_ueber_eine_Unbekannte_1979_.jpg\" target=\"_blank\" rel=\"noopener noreferrer\"><img loading=\"lazy\" decoding=\"async\" width=\"300\" height=\"292\" src=\"https:\/\/munkmovies.de\/m\/wp-content\/uploads\/2020\/07\/Mutmassungen_ueber_eine_Unbekannte_-300x292.jpg\" alt=\"peculation on an unknown person\" class=\"wp-image-1070\" srcset=\"https:\/\/munkmovies.de\/m\/wp-content\/uploads\/2020\/07\/Mutmassungen_ueber_eine_Unbekannte_-300x292.jpg 300w, https:\/\/munkmovies.de\/m\/wp-content\/uploads\/2020\/07\/Mutmassungen_ueber_eine_Unbekannte_-1024x996.jpg 1024w, https:\/\/munkmovies.de\/m\/wp-content\/uploads\/2020\/07\/Mutmassungen_ueber_eine_Unbekannte_-768x747.jpg 768w, https:\/\/munkmovies.de\/m\/wp-content\/uploads\/2020\/07\/Mutmassungen_ueber_eine_Unbekannte_-1536x1494.jpg 1536w, https:\/\/munkmovies.de\/m\/wp-content\/uploads\/2020\/07\/Mutmassungen_ueber_eine_Unbekannte_-1200x1167.jpg 1200w, https:\/\/munkmovies.de\/m\/wp-content\/uploads\/2020\/07\/Mutmassungen_ueber_eine_Unbekannte_.jpg 1575w\" sizes=\"auto, (max-width: 300px) 100vw, 300px\" \/><\/a><figcaption>speculation on an unknown person | Mutma\u00dfungen \u00fcber eine Unbekannte<\/figcaption><\/figure>mit f\u00fcnfzehn lernte ich im Atelier eines Heidelberger Malers die traditionelle Eitempera &#8211; und \u00d6l- Malerei. In einer Ecke des Studios hatte ich meine Staffelei und meine Farben, und ich malte an den Nachmittagen ein Bild pro Monat, w\u00e4hrend ich die Schularbeiten vernachl\u00e4ssigte. Ich wollte K\u00fcnstlerin werden. <br>Warum Kunst?<br>\nMit 16 malte ich die Antwort auf diese Frage &#8211; das Versprechen &#8211; raus aus dem w\u00fcsten Land und weg vom Pfad in eine \u00f6de Zukunft, hinaus zu einem Blick auf&#8217;s Meer, wo ich Klarheit finden w\u00fcrde. Ich wollte K\u00fcnstlerin werden, auch wenn der Zauberer im Bild ein sehr schr\u00e4ges Grinsen im Gesicht hat.\n<br><br>Mit 19 verschwanden die Rahmen um meine Bilder, und als ich die Mutma\u00dfungen \u00fcber eine Unbekannte anstellte, sympathisierte ich definitiv nicht mit der Mutterrolle. Das war die Zeit, als ich beschloss: Auf nach Berlin.\n<hr>\n<\/div>\n<!--<p><label for=\"checker3\">by the way<\/label><\/p>-->\n<\/article>\n\n\n\n<div style=\"height:61px\" aria-hidden=\"true\" class=\"wp-block-spacer\"><\/div>\n<\/div><\/div>\n\n\n\n<p>Exibitions (excerpt)<\/p>\n\n\n\n<p>2024<br><em>IN YOUR FACE<\/em><br>Galerie Vincenz Sala, Berlin (e)<br>2023<br><em>Streifz\u00fcge in Futur II<\/em><br>K\u00fcnstler Gut Loitz, Loitz<br>Munk &amp; Spohr<br><em>NO FUTURE ON MONDAYS<\/em><br>SCOTTY, Berlin (e)<br>2022<br><em>BOOKS<\/em> (g)<br>Galerie Vincens Sala, Berlin<br><em>\u00dcber die Zeichnung hinaus<\/em> (g)<br>ZAK, Berlin<br><em>gezeichnet | gedruckt | geschnitten | geknickt | gestempelt + gekauft <\/em>(g)<br>Galerie Inga Kondeyne, Berlin<br>2021<br><em>Zeichnungen, Berlin Achtziger Jahre<\/em><br>Galerie Jahn und Jahn, M\u00fcnchen<br><em>Janssen ANIMIERT <\/em>(g)<br>group show curated by Lines Fiction<br>5 Positionen | 5 Filme<br>Horst Janssen Museum Oldenburg<br>2019<br><em>Fragment<\/em> (g)<br>Guardini Galerie<br>Berlin<br>2018<br><em>Das bewegte Bild &#8211; Das Bild bewegt<\/em><br><em>Raum und Struktur<\/em> (e) with Norbert Trummer<br>basement<br>Wien \/ Vienna<br>2017<br><em>Fiction Or Not<\/em> (e) with Malte Spohr<br>Galerie Inga Kondeyne<br>2016<br><em>6 aus 165 <\/em>(g)<br>oqbo, Raum f\u00fcr Bild Wort und Ton<br><em>nekton II<\/em> (g)<br>Laura Mars Galerie, Berlin<br><em>Zeichnungsr\u00e4ume<\/em> | <em>Drawing Rooms<\/em><br>Hamburger Kunsthalle, Hamburg<br><em>Move the Line<\/em>, Zeichnung &amp; Computeranimation<br>Horst Janssen Museum, Oldenburg (g <em>Lines Fiction offline<\/em>)<br>2014<br><em>feedback<\/em><br>Galerie Wei\u00dfer Elefant, Berlin (e)<br><em>Die Linie ist eine Linie ist eine Linie \u2013 Positionen der Zeichnung<\/em> (g)<br>Galerie Pankow<br>2012<br><em>Im Orbital<\/em>, Drawing &amp; Animation (e)<br>Galerie Fruehsorge Contemporary Drawings, Berlin<br>in combination with Akademie der K\u00fcnste, Berlin<br>2011<br><em>Lines Fiction<\/em>, Drawing &amp; Animation (g <em>Lines Fiction offline<\/em>)<br>Galerie Fruehsorge Contemporary Drawings, Berlin<br>2010<br><em>in der Schwebe<\/em> |<em> in abeyance<\/em> Drawing &amp; Animation<br>Galerie Elly Brose-Eiermann, Dresden (e)<br>2008<br>Strictly Berlin <em>Between Fiction and Fact<\/em>,<br>Media art from Berlin, media in motion &#8211; GdK, Berlin (g)<br>2007<br>Strictly Berlin <em>Targets of Opportunity<\/em>,<br>Medienkunst aus Berlin, media in motion &#8211; GdK, Berlin (g)<br>2006<br>Strictly Berlin 2000-2006,<br>Media art from Berlin, media in motion &#8211; GdK, Berlin (g)<br>2005<br><em>wysiwyg<\/em>, Computer animation<br>Studio A Museum gegenstandsfreier Kunst, Otterndorf (e)<br>2003<br><em>unw\u00e4gbar<\/em>, Computer animation and Drawing<br>Galerie Seitz &amp; Partner, Berlin (e)<br>2002<br>FilmKunst &#8211; Tage Ulm, Medienoperative, Ulm \/ D<br>NonStop Video Window International, Flashanimation &#8222;animations&#8220;, S.A.A.S., Shoot, Kopenhagen \/ D\u00e4nemark (g)<br>2000<br>art kino, Frankfurt \/ D, Videobeitrag &#8222;thumb wars&#8220;<br>1999<br><em>Purim<\/em>, Projekt Pat Binder, Foto\/Graphik Galerie K\u00e4the Kollwitz, Berlin (e)<br><em>verschwunden<\/em> | <em>disappeared <\/em>Verborgene Orte | Hidden Places:<br>Br\u00fcckenk\u00f6pfe Erpel &#8211; Remagen, Elisabeth Montag Stiftung, Bonn (g)<br>1998<br><em>speech + talk<\/em>, Kunstfabrik Potsdam, Potsdam (e)<br>1997<br><em>Current Undercurrent: Working in Brooklyn<\/em> Brooklyn Museum of Art, New York \/ USA (g)<br><em>Bizarro World  <\/em>Spot, Gramercy International Art Fair New York (g)<br>1996<br>Th<em>e Missing Link<\/em> Drawing in Berlin<br>Klaus Fischer Galerie, Berlin (g)<br>1995<br><em>Fragen<\/em> | <em>Questions <\/em>ACC-Galerie, Weimar (e)<br>1994<br><em>Cover Up<\/em>, Goethe House, Goethe Institut New York \/ USA (e)<br><em>Fragen<\/em> | <em>Questions<\/em> Kunst &#8211; Werke, Berlin (e)<br><em>Group Show <\/em>American Fine Arts, New York (g)<br>1992<br><em>Science Times<\/em>, P.S.1 Contemporary Art Center, New York \/ USA (e)<br>1991<br><em>Entrata<\/em>, L\u00b4ordine delle cose, Giovani artisti da Berlino, Palazzo Delle Esposizioni,<br>Rom \/ Italien (g)<br><em>Der Rote Faden<\/em>, K\u00fcnstlerhaus Bethanien, Berlin (e)<br><em>Spy-Spy<\/em>, Interferenzen, Kunst aus Westberlin 1960-1990,<br>Riga \/ Lettland,<br>St. Petersburg \/ Russland (g)<br><em>Entrance-Entrance <\/em>A Double Mentality, Sezon Museum, Tokio \/ Japan,<br>reist durch Japan, Hongkong, Singapur (g)<br>1988<br><em>Hamburg-Spanien. Die Reise<\/em><br>Raminstallation im Keller unter dem ehemaligen G\u00f6rlitzer Bahnhof Berlin (e)<br>1987<br><em>Bunker International<\/em><br>Lichtinstallation im Tiefbunker unter der Stresemannstra\u00dfe Berlin (g) <br><\/p>\n\n\n\n<p>e &#8211; solo exhibition<br>g \u2013 group exhibition<\/p>\n\n\n\n<article>\t\n<input type=\"checkbox\" id=\"checker4\">\n\n<div id=\"inh4\"><a href=\"https:\/\/www.welt.de\/regionales\/hamburg\/article156036675\/Warum-Zeichnungen-fuer-Kuenstler-so-bedeutsam-sind.html\" target=\"_blank\" rel=\"noopener noreferrer\">Warum Zeichnungen f\u00fcr K\u00fcnstler so bedeutsam sind , Julika Pohle DIE WELT 2016<\/a><br><br>\n<a href=\"https:\/\/munkmovies.de\/m\/wp-content\/uploads\/2020\/08\/auszug_Ausstellungskatalog_achelwilm.pdf\" target=\"_blank\" rel=\"noopener noreferrer\">Zufall und Ordnung \u2013 Mechthild Achelwilm \u2013 Ausstellungskatalog Zeichnungsr\u00e4ume, Hamburger Kunsthalle 2016<\/a><br><br>\n<a href=\"https:\/\/munkmovies.de\/m\/wp-content\/uploads\/2020\/08\/mechthild_achelwilm_engl.pdf\" target=\"_blank\" rel=\"noopener noreferrer\">Chance and Order \u2013 Mechthild Achelwilm \u2013 Exhibition Catalogue Drawing Rooms, Hamburger Kunsthalle 2016<\/a><br><br>\n<a href=\"http:\/\/www.kunstkrant.nl\/kunst-in-de\/move-the-line-zeichnung-und-animation\" target=\"_blank\" rel=\"noopener noreferrer\"> move the line &#8211; Zeichnung und Animation, Horst Janssen Museum Oldenburg &#8211; Kunst Krant 2016<\/a><br><br>\n<a href=\"https:\/\/munkmovies.de\/m\/wp-content\/uploads\/2020\/08\/2013_kunstforum_223.pdf\" target=\"_blank\" rel=\"noopener noreferrer\"> Zeichnen zur Zeit \u2013 Reinhard Ermen \u2013 KUNSTFORUM 223, 2013<\/a><br><br><a href=\"https:\/\/taz.de\/!323939\/\" target=\"_blank\" rel=\"noopener noreferrer\">Die Rache des Hasen \u2013 Katrin Bettina M\u00fcller \u2013 TAZ, 21. 2. 2011<\/a><br><br>\n<a href=\"https:\/\/taz.de\/Archiv-Suche\/!1259919&amp;s=bettina%2Bmunk&amp;SuchRahmen=Print\/\" target=\"_blank\" rel=\"noopener noreferrer\">Neu in Berlin(6)<\/a><br><br>\n<a href=\"https:\/\/munkmovies.de\/m\/wp-content\/uploads\/2020\/08\/kw.pdf\" target=\"_blank\" rel=\"noopener noreferrer\">Flash Art News \u2013 Peter Herbstreuth FLASH ART 181, 1995<\/a><br><br>\n<a href=\"https:\/\/munkmovies.de\/m\/wp-content\/uploads\/2020\/08\/hh-spanien.pdf\" target=\"_blank\" rel=\"noopener noreferrer\">Hamburg \u2013 Spanien. Die Reise \u2013 Peter Funken \u2013 KUNSTFORUM 98, 1989<\/a><br><br>\n<a href=\"https:\/\/taz.de\/Archiv-Suche\/!1834528&amp;s=bettina%2Bmunk&amp;SuchRahmen=Print\/\" target=\"_blank\" rel=\"noopener noreferrer\">Erinnern und Trinken<\/a><br><br>\n<\/div>\n<p><label for=\"checker4\">Reviews (Excerpts)<\/label><\/p>\n<\/article>\n\n\n\n<p>Biography<\/p>\n\n\n\n<p>1960 born in M\u00fcnchen, raised in Heidelberg<br>1980 Study at the Universit\u00e4t der K\u00fcnste, Berlin<br>1985\/86 Study at the Slade School of Fine Art, London<br>1986 Master at the UdK Berlin with Professor Shinkichi Tajiri<br>1992 &#8211; 1999 lives in New York and Berlin<\/p>\n\n\n\n<p>2011 started the online project Lines Fiction on <a href=\"https:\/\/linesfiction.de\/lfd\/\" data-type=\"URL\" data-id=\"https:\/\/linesfiction.de\/lfd\/\" target=\"_blank\" rel=\"noreferrer noopener\">linesfiction.de<\/a><\/p>\n\n\n\n<p>from 2001<br>teaching assignment Digital Media<br>Department Communication Design  | Fachhbereich f\u00fcr Gestaltung der HTW Berlin<br>2008<br>teaching assignment Drawing Department Art &amp; Design | Hochschule f\u00fcr K\u00fcnste Bremen<br>2009<br>teaching assignment Moving Image Department Art &amp; Design | Hochschule f\u00fcr K\u00fcnste Bremen<\/p>\n\n\n\n<p>Grants and Awards:<br>2005<br>Book project <em>Hundert Zeichnungen | One Hundred Drawings <\/em>Weidle Verlag, Bonn \/ Stiftung Kunstfonds<br>2005<br>Multimedia Transfer Karlsruhe \/ Universit\u00e4t Karlsruhe<br>mit <em>LogoGo<\/em> www.logogo.org<br>Finalists in the contest<br>(Annika Brinkmann, Anne-Maria Krekow, Yvonne Pr\u00e4tzel, Bettina Munk)<br>1995<br>Scholarship | Senatsverwaltung f\u00fcr Kulturelle Angelegenheiten Berlin<br>1992\/93<br>P.S.1 Contemporary Art Center &#8211; Grant for New York<br>| Senatsverwaltung f\u00fcr Kulturelle Angelegenheiten Berlin<br>1990\/91<br>Atelieraufenthalt | Grant for K\u00fcnstlerhaus Bethanien, Berlin<br>1988<br>Scholarship | Senatsverwaltung f\u00fcr Kulturelle Angelegenheiten Berlin<\/p>\n\n\n\n<article>\t\n<input type=\"checkbox\" id=\"checker5\">\n\n<div id=\"inh5\">\nPublications:<br>\n\u2022 Bunker International in: Niemandsland, Heft 6 Nishen 1988<br>\u2022 Transfer &#8211; Kunst im \u00f6ffentlichen Raum, Hannover 1989<br>\u2022 De Fabriek 1988-1991 Boek V<br>\u2022 Laden f\u00fcr Nichts 1990<br>\u2022 L&#8217;ordine Delle Cose, Palazzo Delle Esposizioni Roma, Edizioni Carte Segrete 1991<br>\u2022 1 m Zeit, K\u00fcnstlerhaus Bethanien Berlin 1991<br>\u2022 INTERFERENZEN Kunst aus Westberlin 1960 &#8211; 1990, Nishen NGBK 1991<br>\u2022 1,2,3 Wewerka Weiss &amp; Galerie 1991<br>\u2022 Berlin Art Scene &#8211; A Double Mentality, The Yomiuri Shimbun Tokyo 1991<br>\u2022 Berlin Art Scene &#8211; A Double Mentality, Goethe Institut Hong Kong 1993<br>\u2022 National and International Studio Programs 1992 &#8211; 1993, P.S.1 Museum The Clocktower<br>\u2022 ACC Die fr\u00fchen Jahre 1988 &gt; 2011<br>\u2022 Max Pechstein F\u00f6rderpreis der Stadt Zwickau 1995, St\u00e4dtisches Museum Zwickau 1995<br>\u2022 TIME CAPSULE A concise Ecyclopedia by Women Artists, edited by Robin Kahn, Creative Time NY 1995<br>\u2022 Bettina Munk (new work New York, including an interview with Heinz Bude) 1998<br>\u2022 Verborgene Orte: Br\u00fcckenk\u00f6pfe Erpel-Remagen 1998, Montag Stiftung Bildende Kunst<br>%bullet; Wer hat Angst vor Roger Wittaker, CD Freunde Aktueller Kunst 2001<br>\u2022 Bettina Munk: Hundert Zeichnungen | One Hundred Drawings, Gef\u00f6rdert duch die Stiftung Kunstfonds, Weidle Verlag 2005<br>\u2022 Purim 1999 in: Foto\/Graphik Galerie K\u00e4the Kollwitz | Pat Binder 2005<br>\u2022 LogoGo &#8211; An Approach to the Design of Girl-Specific Educational Software, in: Gender Designs IT, VS Verlag f\u00fcr Sozialwissenschaften 2007<br>\u2022 Farblos Zeichnungen zur K\u00e4lte, Kunst und Kultur Alte Schule Baruth 2011<br>\u2022 Pr\u00e4senz 2014, galerie weisser elefant<br>\u2022 EINE LINIE IST EINE LINIE IST EINE LINIE, Galerie Pankow 2014<br>\u2022 Bettina Munk feedback (on occasion of the exhibition feedback, galerie weisser elefant) 2014<br>\u2022 Bettina Munk in: K\u00fcnstler &#8211; Kritisches Lexikon der Gegenwartskunst, 106 issue 10, II. Quartal 2014, by Carmela Thiele<br>\u2022 Move the Line, Lines Fiction Offline, Horst Janssen Museum Oldenburg 2016<br>\u2022 Zeichnungsr\u00e4ume | Drawing Rooms &#8211; Positionen Zeitgen\u00f6ssischer Graphik, Hamburger Kunsthalle, Hamburg 2016 | 2017<br>\u2022 Lines Fiction in der Hamburger Kunsthalle, DVD 2017<br>\u2022 Fragment-Guardini Galerie, Schriftenreihe Band 6 Zum Zufall &#8211; Willms Neuhaus Stiftung 2019<br>\u2022 AUFPRALL, Bude Munk Wieland, Roman Hanser Verlag M\u00fcnchen 2020<\/div>\n<p><label for=\"checker5\">Publications<\/label><\/p>\n<\/article>\n\n\n\n<p>Publications (Excerpt):<\/p>\n\n\n\n<p>2019<br>Fragment Guardini Galerie, <br>Schriftenreihe Band 6 Zum Zufall &#8211; Willms Neuhaus Stiftung<br>2017<br>Lines Fiction in der Hamburger Kunsthalle &#8211; DVD<br>2016<br>Drawing Rooms | Zeichenr\u00e4ume<br>Exhibition catalogue Hamburger Kunsthalle, Hamburg<br>2015<br>Move the Line<br>Ausstellungskatalog Horst Janssen Museum, Oldenburg<br>2014<br>Bettina Munk in K\u00fcnstler &#8211; Kritisches Lexikon der Gegenwartskunst<br>Ausgabe 106, Heft 10, II. Quartal 2014, Carmela Thiele<br>2007<br><em>LogoGo <\/em>\u2013 An Approach to the Design of Girl-Specific Educational Software<br>in: Gender Designs IT, VS Verlag<br>2005<br><em>Hundert Zeichnungen | One Hundred Drawings<\/em> Weidle Verlag Bonn<\/p>\n\n\n\n<p>Work in public collections:<\/p>\n\n\n\n<p>Regierungspr\u00e4sidium Karlsruhe<br>Kupferstichkabinett der Staatlichen Museen zu Berlin<br>Sammlung des Deutschen Bundestages<br>Kunsthalle Hamburg<\/p>\n\n\n\n<p><\/p>\n","protected":false},"excerpt":{"rendered":"<p>das Versprechen | the promise when I was fifteen I learned how to paint with oil and tempera in the studio of an artist in Heidelberg. In a corner I had my easel and my paint, and I made one painting a month, completely neglecting school. I wanted to become an artist. Why Art?At age [&hellip;]<\/p>\n","protected":false},"author":1,"featured_media":0,"parent":0,"menu_order":0,"comment_status":"closed","ping_status":"closed","template":"","meta":{"footnotes":""},"folder":[],"class_list":["post-1049","page","type-page","status-publish","hentry"],"_links":{"self":[{"href":"https:\/\/munkmovies.de\/m\/wp-json\/wp\/v2\/pages\/1049","targetHints":{"allow":["GET"]}}],"collection":[{"href":"https:\/\/munkmovies.de\/m\/wp-json\/wp\/v2\/pages"}],"about":[{"href":"https:\/\/munkmovies.de\/m\/wp-json\/wp\/v2\/types\/page"}],"author":[{"embeddable":true,"href":"https:\/\/munkmovies.de\/m\/wp-json\/wp\/v2\/users\/1"}],"replies":[{"embeddable":true,"href":"https:\/\/munkmovies.de\/m\/wp-json\/wp\/v2\/comments?post=1049"}],"version-history":[{"count":158,"href":"https:\/\/munkmovies.de\/m\/wp-json\/wp\/v2\/pages\/1049\/revisions"}],"predecessor-version":[{"id":1656,"href":"https:\/\/munkmovies.de\/m\/wp-json\/wp\/v2\/pages\/1049\/revisions\/1656"}],"wp:attachment":[{"href":"https:\/\/munkmovies.de\/m\/wp-json\/wp\/v2\/media?parent=1049"}],"wp:term":[{"taxonomy":"folder","embeddable":true,"href":"https:\/\/munkmovies.de\/m\/wp-json\/wp\/v2\/folder?post=1049"}],"curies":[{"name":"wp","href":"https:\/\/api.w.org\/{rel}","templated":true}]}}